{"id":15,"date":"2024-08-20T11:21:38","date_gmt":"2024-08-20T08:21:38","guid":{"rendered":"https:\/\/metininci.com.tr\/?page_id=15"},"modified":"2024-08-21T20:06:57","modified_gmt":"2024-08-21T17:06:57","slug":"deneyimler-ve-bilgi-paylasimi","status":"publish","type":"page","link":"https:\/\/metininci.com.tr\/?page_id=15","title":{"rendered":"Deneyimler ve Bilgi Payla\u015f\u0131m\u0131"},"content":{"rendered":"\n<div class=\"wp-block-group alignwide has-global-padding is-layout-constrained wp-block-group-is-layout-constrained\">\n<h1 class=\"wp-block-heading alignwide has-xx-large-font-size\" style=\"line-height:1.2\">A\u015fa\u011f\u0131da yeralan bilgiler mutlaka size katk\u0131 sa\u011flayacakt\u0131r zaman bulduk\u00e7a bu sayfay\u0131 g\u00fcncelleyece\u011fim.<\/h1>\n\n\n\n<div class=\"wp-block-query is-layout-flow wp-block-query-is-layout-flow\"><ul class=\"wp-block-post-template is-layout-flow wp-block-post-template-is-layout-flow\"><li class=\"wp-block-post post-1 post type-post status-publish format-standard hentry category-uncategorized\"><\/li><\/ul><\/div>\n<\/div>\n\n\n\n<div class=\"wp-block-query is-layout-flow wp-block-query-is-layout-flow\"><ul class=\"wp-block-post-template is-layout-flow wp-block-post-template-is-layout-flow\"><li class=\"wp-block-post post-1 post type-post status-publish format-standard hentry category-uncategorized\">\n\n<div class=\"wp-block-columns are-vertically-aligned-center is-layout-flex wp-container-core-columns-is-layout-28f84493 wp-block-columns-is-layout-flex\">\n<div class=\"wp-block-column is-vertically-aligned-center is-layout-flow wp-block-column-is-layout-flow\" style=\"flex-basis:25%\">\n\n\n<figure class=\"wp-block-image size-large\"><a href=\"https:\/\/metininci.com.tr\/?page_id=15\"><img loading=\"lazy\" decoding=\"async\" width=\"1024\" height=\"768\" src=\"https:\/\/metininci.com.tr\/wp-content\/uploads\/2024\/08\/Exchange2-1024x768.png\" alt=\"\" class=\"wp-image-32\" srcset=\"https:\/\/metininci.com.tr\/wp-content\/uploads\/2024\/08\/Exchange2-1024x768.png 1024w, https:\/\/metininci.com.tr\/wp-content\/uploads\/2024\/08\/Exchange2-300x225.png 300w, https:\/\/metininci.com.tr\/wp-content\/uploads\/2024\/08\/Exchange2-768x576.png 768w, https:\/\/metininci.com.tr\/wp-content\/uploads\/2024\/08\/Exchange2.png 1200w\" sizes=\"auto, (max-width: 1024px) 100vw, 1024px\" \/><\/a><\/figure>\n<\/div>\n\n\n\n<div class=\"wp-block-column is-vertically-aligned-center is-layout-flow wp-block-column-is-layout-flow\" style=\"flex-basis:75%\"><h2 class=\"wp-block-post-title\"><a href=\"https:\/\/metininci.com.tr\/?p=1\" target=\"_self\" >Microsft Exchange Upgrade<\/a><\/h2><\/div>\n<\/div>\n\n<\/li><\/ul><\/div>\n\n\n\n<p><\/p>\n","protected":false},"excerpt":{"rendered":"<p>A\u015fa\u011f\u0131da yeralan bilgiler mutlaka size katk\u0131 sa\u011flayacakt\u0131r zaman bulduk\u00e7a bu sayfay\u0131 g\u00fcncelleyece\u011fim.<\/p>\n","protected":false},"author":1,"featured_media":0,"parent":0,"menu_order":0,"comment_status":"closed","ping_status":"closed","template":"","meta":{"footnotes":""},"class_list":["post-15","page","type-page","status-publish","hentry"],"_links":{"self":[{"href":"https:\/\/metininci.com.tr\/index.php?rest_route=\/wp\/v2\/pages\/15","targetHints":{"allow":["GET"]}}],"collection":[{"href":"https:\/\/metininci.com.tr\/index.php?rest_route=\/wp\/v2\/pages"}],"about":[{"href":"https:\/\/metininci.com.tr\/index.php?rest_route=\/wp\/v2\/types\/page"}],"author":[{"embeddable":true,"href":"https:\/\/metininci.com.tr\/index.php?rest_route=\/wp\/v2\/users\/1"}],"replies":[{"embeddable":true,"href":"https:\/\/metininci.com.tr\/index.php?rest_route=%2Fwp%2Fv2%2Fcomments&post=15"}],"version-history":[{"count":12,"href":"https:\/\/metininci.com.tr\/index.php?rest_route=\/wp\/v2\/pages\/15\/revisions"}],"predecessor-version":[{"id":24,"href":"https:\/\/metininci.com.tr\/index.php?rest_route=\/wp\/v2\/pages\/15\/revisions\/24"}],"wp:attachment":[{"href":"https:\/\/metininci.com.tr\/index.php?rest_route=%2Fwp%2Fv2%2Fmedia&parent=15"}],"curies":[{"name":"wp","href":"https:\/\/api.w.org\/{rel}","templated":true}]}}